{"id":828,"date":"2026-04-08T10:56:35","date_gmt":"2026-04-08T10:56:35","guid":{"rendered":"https:\/\/krolmap.com\/proyectos\/"},"modified":"2026-04-27T10:27:35","modified_gmt":"2026-04-27T10:27:35","slug":"projects","status":"publish","type":"page","link":"https:\/\/krolmap.com\/en\/projects\/","title":{"rendered":"Projects"},"content":{"rendered":"\n<div class=\"gb-element-54c9500c\">\n<div class=\"gb-element-50efee8d\">\n<h1 class=\"gb-text gb-text-07b9f144\">Projects<\/h1>\n<\/div>\n<\/div>\n\n\n\n<div>\n<div class=\"gb-element-e56d5cf3\"><p class=\"resultados\"><\/p>      <div class=\"proyectos-grid\">\r\n                    <a href=\"https:\/\/krolmap.com\/en\/proyectos\/civil-engineering\/london-underground-bank-station-capacity-upgrade-bscu\/\" class=\"proyecto-link\">\r\n                <div class=\"proyecto\">\r\n                                            <div class=\"img-proyecto\">\r\n                            <img loading=\"lazy\" decoding=\"async\" width=\"696\" height=\"464\" src=\"https:\/\/krolmap.com\/wp-content\/uploads\/2026\/04\/BSCU-proyecto.jpg\" class=\"attachment-small size-small wp-post-image\" alt=\"London Underground \u2013 Bank Station Capacity Upgrade (BSCU)\" srcset=\"https:\/\/krolmap.com\/wp-content\/uploads\/2026\/04\/BSCU-proyecto.jpg 696w, https:\/\/krolmap.com\/wp-content\/uploads\/2026\/04\/BSCU-proyecto-300x200.jpg 300w\" sizes=\"auto, (max-width: 696px) 100vw, 696px\" \/>                        <\/div>\r\n                                        <p class=\"titulo-proyecto\">London Underground \u2013 Bank Station Capacity Upgrade (BSCU)<\/p>\r\n                                    <\/div>\r\n            <\/a>\r\n                    <a href=\"https:\/\/krolmap.com\/en\/proyectos\/data-centers\/data-center-with-hybrid-energy-generation-25-mw-phase-1\/\" class=\"proyecto-link\">\r\n                <div class=\"proyecto\">\r\n                                            <div class=\"img-proyecto\">\r\n                            <img loading=\"lazy\" decoding=\"async\" width=\"1195\" height=\"777\" src=\"https:\/\/krolmap.com\/wp-content\/uploads\/2026\/04\/Proyecto-2.jpg\" class=\"attachment-small size-small wp-post-image\" alt=\"Centro de datos con generaci\u00f3n energ\u00e9tica h\u00edbrida (25 MW \u2013 fase 1)\" srcset=\"https:\/\/krolmap.com\/wp-content\/uploads\/2026\/04\/Proyecto-2.jpg 1195w, https:\/\/krolmap.com\/wp-content\/uploads\/2026\/04\/Proyecto-2-300x195.jpg 300w, https:\/\/krolmap.com\/wp-content\/uploads\/2026\/04\/Proyecto-2-1024x666.jpg 1024w, https:\/\/krolmap.com\/wp-content\/uploads\/2026\/04\/Proyecto-2-768x499.jpg 768w\" sizes=\"auto, (max-width: 1195px) 100vw, 1195px\" \/>                        <\/div>\r\n                                        <p class=\"titulo-proyecto\">Data Center with Hybrid Energy Generation (25 MW \u2013 Phase 1)<\/p>\r\n                                    <\/div>\r\n            <\/a>\r\n                    <a href=\"https:\/\/krolmap.com\/en\/proyectos\/industrial-engineering\/structural-design-validation-for-automated-vision-system\/\" class=\"proyecto-link\">\r\n                <div class=\"proyecto\">\r\n                                            <div class=\"img-proyecto\">\r\n                            <img loading=\"lazy\" decoding=\"async\" width=\"580\" height=\"360\" src=\"https:\/\/krolmap.com\/wp-content\/uploads\/2026\/04\/Proyecto-1.jpg\" class=\"attachment-small size-small wp-post-image\" alt=\"Validaci\u00f3n de dise\u00f1o estructural en sistema visi\u00f3n automatizaci\u00f3n\" srcset=\"https:\/\/krolmap.com\/wp-content\/uploads\/2026\/04\/Proyecto-1.jpg 580w, https:\/\/krolmap.com\/wp-content\/uploads\/2026\/04\/Proyecto-1-300x186.jpg 300w\" sizes=\"auto, (max-width: 580px) 100vw, 580px\" \/>                        <\/div>\r\n                                        <p class=\"titulo-proyecto\">Structural Design Validation for Automated Vision System<\/p>\r\n                                    <\/div>\r\n            <\/a>\r\n              <\/div>\r\n      \n<\/div>\n<\/div>\n","protected":false},"excerpt":{"rendered":"<p>Projects<\/p>\n","protected":false},"author":1,"featured_media":0,"parent":0,"menu_order":0,"comment_status":"closed","ping_status":"closed","template":"","meta":{"footnotes":""},"class_list":["post-828","page","type-page","status-publish","hentry","resize-featured-image"],"_links":{"self":[{"href":"https:\/\/krolmap.com\/en\/wp-json\/wp\/v2\/pages\/828","targetHints":{"allow":["GET"]}}],"collection":[{"href":"https:\/\/krolmap.com\/en\/wp-json\/wp\/v2\/pages"}],"about":[{"href":"https:\/\/krolmap.com\/en\/wp-json\/wp\/v2\/types\/page"}],"author":[{"embeddable":true,"href":"https:\/\/krolmap.com\/en\/wp-json\/wp\/v2\/users\/1"}],"replies":[{"embeddable":true,"href":"https:\/\/krolmap.com\/en\/wp-json\/wp\/v2\/comments?post=828"}],"version-history":[{"count":1,"href":"https:\/\/krolmap.com\/en\/wp-json\/wp\/v2\/pages\/828\/revisions"}],"predecessor-version":[{"id":829,"href":"https:\/\/krolmap.com\/en\/wp-json\/wp\/v2\/pages\/828\/revisions\/829"}],"wp:attachment":[{"href":"https:\/\/krolmap.com\/en\/wp-json\/wp\/v2\/media?parent=828"}],"curies":[{"name":"wp","href":"https:\/\/api.w.org\/{rel}","templated":true}]}}